{"id":781,"date":"2025-10-07T15:56:57","date_gmt":"2025-10-07T13:56:57","guid":{"rendered":"https:\/\/carrevictoire.fr\/?page_id=781"},"modified":"2025-10-13T14:40:13","modified_gmt":"2025-10-13T12:40:13","slug":"planning-salle-carre-victoire","status":"publish","type":"page","link":"https:\/\/carrevictoire.fr\/index.php\/planning-salle-carre-victoire\/","title":{"rendered":"Planning"},"content":{"rendered":"\t\t<div data-elementor-type=\"wp-page\" data-elementor-id=\"781\" class=\"elementor elementor-781\" data-elementor-post-type=\"page\">\n\t\t\t\t\t\t<section class=\"elementor-section elementor-top-section elementor-element elementor-element-66e5f11b elementor-section-full_width elementor-section-height-min-height elementor-section-height-default elementor-section-items-middle\" data-id=\"66e5f11b\" data-element_type=\"section\" data-e-type=\"section\" data-settings=\"{&quot;background_background&quot;:&quot;slideshow&quot;,&quot;background_slideshow_gallery&quot;:[{&quot;id&quot;:248,&quot;url&quot;:&quot;http:\\\/\\\/carrevictoire.fr\\\/wp-content\\\/uploads\\\/2024\\\/01\\\/Header-image.png&quot;}],&quot;background_slideshow_loop&quot;:&quot;yes&quot;,&quot;background_slideshow_slide_duration&quot;:5000,&quot;background_slideshow_slide_transition&quot;:&quot;fade&quot;,&quot;background_slideshow_transition_duration&quot;:500}\">\n\t\t\t\t\t\t<div class=\"elementor-container elementor-column-gap-default\">\n\t\t\t\t\t<div class=\"elementor-column elementor-col-100 elementor-top-column elementor-element elementor-element-8914a1\" data-id=\"8914a1\" data-element_type=\"column\" data-e-type=\"column\">\n\t\t\t<div class=\"elementor-widget-wrap elementor-element-populated\">\n\t\t\t\t\t\t<section class=\"elementor-section elementor-inner-section elementor-element elementor-element-4302e387 elementor-section-full_width elementor-section-height-default elementor-section-height-default\" data-id=\"4302e387\" data-element_type=\"section\" data-e-type=\"section\">\n\t\t\t\t\t\t<div class=\"elementor-container elementor-column-gap-default\">\n\t\t\t\t\t<div class=\"elementor-column elementor-col-50 elementor-inner-column elementor-element elementor-element-65007fb6\" data-id=\"65007fb6\" data-element_type=\"column\" data-e-type=\"column\" data-settings=\"{&quot;background_background&quot;:&quot;classic&quot;}\">\n\t\t\t<div class=\"elementor-widget-wrap elementor-element-populated\">\n\t\t\t\t\t<div class=\"elementor-background-overlay\"><\/div>\n\t\t\t\t\t\t<div class=\"elementor-element elementor-element-6278de88 elementor-widget elementor-widget-spacer\" data-id=\"6278de88\" data-element_type=\"widget\" data-e-type=\"widget\" data-widget_type=\"spacer.default\">\n\t\t\t\t<div class=\"elementor-widget-container\">\n\t\t\t\t\t\t\t<div class=\"elementor-spacer\">\n\t\t\t<div class=\"elementor-spacer-inner\"><\/div>\n\t\t<\/div>\n\t\t\t\t\t\t<\/div>\n\t\t\t\t<\/div>\n\t\t\t\t<div class=\"elementor-element elementor-element-4052d813 elementor-widget elementor-widget-heading\" data-id=\"4052d813\" data-element_type=\"widget\" data-e-type=\"widget\" data-widget_type=\"heading.default\">\n\t\t\t\t<div class=\"elementor-widget-container\">\n\t\t\t\t\t<h2 class=\"elementor-heading-title elementor-size-default\">Un planning vari\u00e9<\/h2>\t\t\t\t<\/div>\n\t\t\t\t<\/div>\n\t\t\t\t<div class=\"elementor-element elementor-element-7bd571f6 elementor-widget__width-initial elementor-widget elementor-widget-text-editor\" data-id=\"7bd571f6\" data-element_type=\"widget\" data-e-type=\"widget\" data-widget_type=\"text-editor.default\">\n\t\t\t\t<div class=\"elementor-widget-container\">\n\t\t\t\t\t\t\t\t\t<p>Au Carr\u00e9 Victoire, venez participer \u00e0 diff\u00e9rents cours.<\/p>\t\t\t\t\t\t\t\t<\/div>\n\t\t\t\t<\/div>\n\t\t\t\t<div class=\"elementor-element elementor-element-2abf17ce elementor-widget elementor-widget-spacer\" data-id=\"2abf17ce\" data-element_type=\"widget\" data-e-type=\"widget\" data-widget_type=\"spacer.default\">\n\t\t\t\t<div class=\"elementor-widget-container\">\n\t\t\t\t\t\t\t<div class=\"elementor-spacer\">\n\t\t\t<div class=\"elementor-spacer-inner\"><\/div>\n\t\t<\/div>\n\t\t\t\t\t\t<\/div>\n\t\t\t\t<\/div>\n\t\t\t\t\t<\/div>\n\t\t<\/div>\n\t\t\t\t<div class=\"elementor-column elementor-col-50 elementor-inner-column elementor-element elementor-element-25c4c7d9\" data-id=\"25c4c7d9\" data-element_type=\"column\" data-e-type=\"column\">\n\t\t\t<div class=\"elementor-widget-wrap\">\n\t\t\t\t\t\t\t<\/div>\n\t\t<\/div>\n\t\t\t\t\t<\/div>\n\t\t<\/section>\n\t\t\t\t\t<\/div>\n\t\t<\/div>\n\t\t\t\t\t<\/div>\n\t\t<\/section>\n\t\t\t\t<section class=\"elementor-section elementor-top-section elementor-element elementor-element-4f045b5a elementor-section-boxed elementor-section-height-default elementor-section-height-default\" data-id=\"4f045b5a\" data-element_type=\"section\" data-e-type=\"section\" data-settings=\"{&quot;background_background&quot;:&quot;classic&quot;}\">\n\t\t\t\t\t\t<div class=\"elementor-container elementor-column-gap-default\">\n\t\t\t\t\t<div class=\"elementor-column elementor-col-100 elementor-top-column elementor-element elementor-element-25aeb1f6\" data-id=\"25aeb1f6\" data-element_type=\"column\" data-e-type=\"column\">\n\t\t\t<div class=\"elementor-widget-wrap elementor-element-populated\">\n\t\t\t\t\t\t<div class=\"elementor-element elementor-element-9fc931c elementor-widget elementor-widget-spacer\" data-id=\"9fc931c\" data-element_type=\"widget\" data-e-type=\"widget\" data-widget_type=\"spacer.default\">\n\t\t\t\t<div class=\"elementor-widget-container\">\n\t\t\t\t\t\t\t<div class=\"elementor-spacer\">\n\t\t\t<div class=\"elementor-spacer-inner\"><\/div>\n\t\t<\/div>\n\t\t\t\t\t\t<\/div>\n\t\t\t\t<\/div>\n\t\t\t\t<div class=\"elementor-element elementor-element-511bc094 elementor-widget elementor-widget-heading\" data-id=\"511bc094\" data-element_type=\"widget\" data-e-type=\"widget\" data-widget_type=\"heading.default\">\n\t\t\t\t<div class=\"elementor-widget-container\">\n\t\t\t\t\t<h2 class=\"elementor-heading-title elementor-size-default\">Le planning des cours<\/h2>\t\t\t\t<\/div>\n\t\t\t\t<\/div>\n\t\t\t\t<div class=\"elementor-element elementor-element-6233f274 elementor-widget elementor-widget-heading\" data-id=\"6233f274\" data-element_type=\"widget\" data-e-type=\"widget\" data-widget_type=\"heading.default\">\n\t\t\t\t<div class=\"elementor-widget-container\">\n\t\t\t\t\t<h3 class=\"elementor-heading-title elementor-size-default\">Le planning est consultable sur place<\/h3>\t\t\t\t<\/div>\n\t\t\t\t<\/div>\n\t\t\t\t<div class=\"elementor-element elementor-element-775ad169 elementor-widget elementor-widget-text-editor\" data-id=\"775ad169\" data-element_type=\"widget\" data-e-type=\"widget\" data-widget_type=\"text-editor.default\">\n\t\t\t\t<div class=\"elementor-widget-container\">\n\t\t\t\t\t\t\t\t\t<p>Retrouvez dans le planning les cours collectifs. Les cours individuels et les massages se programment \u00e0 la demande.<\/p>\t\t\t\t\t\t\t\t<\/div>\n\t\t\t\t<\/div>\n\t\t\t\t<div class=\"elementor-element elementor-element-4a6fc8d5 elementor-widget elementor-widget-html\" data-id=\"4a6fc8d5\" data-element_type=\"widget\" data-e-type=\"widget\" data-widget_type=\"html.default\">\n\t\t\t\t<div class=\"elementor-widget-container\">\n\t\t\t\t\t<script src=\"https:\/\/static.elfsight.com\/platform\/platform.js\" async><\/script>\n<div class=\"elfsight-app-33ff9787-0ae0-4704-9a44-96490c9324ce\" data-elfsight-app-lazy><\/div>\n\t\t\t\t<\/div>\n\t\t\t\t<\/div>\n\t\t\t\t<div class=\"elementor-element elementor-element-579bd29b elementor-widget elementor-widget-spacer\" data-id=\"579bd29b\" data-element_type=\"widget\" data-e-type=\"widget\" data-widget_type=\"spacer.default\">\n\t\t\t\t<div class=\"elementor-widget-container\">\n\t\t\t\t\t\t\t<div class=\"elementor-spacer\">\n\t\t\t<div class=\"elementor-spacer-inner\"><\/div>\n\t\t<\/div>\n\t\t\t\t\t\t<\/div>\n\t\t\t\t<\/div>\n\t\t\t\t\t<\/div>\n\t\t<\/div>\n\t\t\t\t\t<\/div>\n\t\t<\/section>\n\t\t\t\t<section class=\"elementor-section elementor-top-section elementor-element elementor-element-e821b58 elementor-section-boxed elementor-section-height-default elementor-section-height-default\" data-id=\"e821b58\" data-element_type=\"section\" data-e-type=\"section\" data-settings=\"{&quot;background_background&quot;:&quot;classic&quot;}\">\n\t\t\t\t\t\t<div class=\"elementor-container elementor-column-gap-default\">\n\t\t\t\t\t<div class=\"elementor-column elementor-col-100 elementor-top-column elementor-element elementor-element-b44d3d0\" data-id=\"b44d3d0\" data-element_type=\"column\" data-e-type=\"column\">\n\t\t\t<div class=\"elementor-widget-wrap elementor-element-populated\">\n\t\t\t\t\t\t<div class=\"elementor-element elementor-element-9a98db8 elementor-widget elementor-widget-heading\" data-id=\"9a98db8\" data-element_type=\"widget\" data-e-type=\"widget\" data-widget_type=\"heading.default\">\n\t\t\t\t<div class=\"elementor-widget-container\">\n\t\t\t\t\t<h2 class=\"elementor-heading-title elementor-size-default\">Les tarifs<\/h2>\t\t\t\t<\/div>\n\t\t\t\t<\/div>\n\t\t\t\t<div class=\"elementor-element elementor-element-c4afa5d elementor-widget elementor-widget-heading\" data-id=\"c4afa5d\" data-element_type=\"widget\" data-e-type=\"widget\" data-widget_type=\"heading.default\">\n\t\t\t\t<div class=\"elementor-widget-container\">\n\t\t\t\t\t<h3 class=\"elementor-heading-title elementor-size-default\">Consultez nos tarifs<\/h3>\t\t\t\t<\/div>\n\t\t\t\t<\/div>\n\t\t\t\t<section class=\"elementor-section elementor-inner-section elementor-element elementor-element-8056d3e elementor-section-boxed elementor-section-height-default elementor-section-height-default\" data-id=\"8056d3e\" data-element_type=\"section\" data-e-type=\"section\">\n\t\t\t\t\t\t<div class=\"elementor-container elementor-column-gap-default\">\n\t\t\t\t\t<div class=\"elementor-column elementor-col-50 elementor-inner-column elementor-element elementor-element-4260dfa\" data-id=\"4260dfa\" data-element_type=\"column\" data-e-type=\"column\">\n\t\t\t<div class=\"elementor-widget-wrap elementor-element-populated\">\n\t\t\t\t\t\t<div class=\"elementor-element elementor-element-b49ace2 elementor-align-center elementor-widget elementor-widget-button\" data-id=\"b49ace2\" data-element_type=\"widget\" data-e-type=\"widget\" data-widget_type=\"button.default\">\n\t\t\t\t<div class=\"elementor-widget-container\">\n\t\t\t\t\t\t\t\t\t<div class=\"elementor-button-wrapper\">\n\t\t\t\t\t<a class=\"elementor-button elementor-button-link elementor-size-sm\" href=\"https:\/\/carrevictoire.fr\/index.php\/le-carre-sport-les-cours-seniors\/\">\n\t\t\t\t\t\t<span class=\"elementor-button-content-wrapper\">\n\t\t\t\t\t\t\t\t\t<span class=\"elementor-button-text\">Tarifs des cours du Carr\u00e9 sport<\/span>\n\t\t\t\t\t<\/span>\n\t\t\t\t\t<\/a>\n\t\t\t\t<\/div>\n\t\t\t\t\t\t\t\t<\/div>\n\t\t\t\t<\/div>\n\t\t\t\t<div class=\"elementor-element elementor-element-4c01902 elementor-widget elementor-widget-text-editor\" data-id=\"4c01902\" data-element_type=\"widget\" data-e-type=\"widget\" data-widget_type=\"text-editor.default\">\n\t\t\t\t<div class=\"elementor-widget-container\">\n\t\t\t\t\t\t\t\t\t<p>Renforcement Musculaire, Pil\u00e2te,\u00a0 Marche Nordique, Gym.<\/p>\t\t\t\t\t\t\t\t<\/div>\n\t\t\t\t<\/div>\n\t\t\t\t\t<\/div>\n\t\t<\/div>\n\t\t\t\t<div class=\"elementor-column elementor-col-50 elementor-inner-column elementor-element elementor-element-da31290\" data-id=\"da31290\" data-element_type=\"column\" data-e-type=\"column\">\n\t\t\t<div class=\"elementor-widget-wrap elementor-element-populated\">\n\t\t\t\t\t\t<div class=\"elementor-element elementor-element-89214cf elementor-align-center elementor-widget elementor-widget-button\" data-id=\"89214cf\" data-element_type=\"widget\" data-e-type=\"widget\" data-widget_type=\"button.default\">\n\t\t\t\t<div class=\"elementor-widget-container\">\n\t\t\t\t\t\t\t\t\t<div class=\"elementor-button-wrapper\">\n\t\t\t\t\t<a class=\"elementor-button elementor-button-link elementor-size-sm\" href=\"https:\/\/carrevictoire.fr\/index.php\/seance-de-yoga-ou-massage-au-carre-victoire\/\">\n\t\t\t\t\t\t<span class=\"elementor-button-content-wrapper\">\n\t\t\t\t\t\t\t\t\t<span class=\"elementor-button-text\">Tarifs des s\u00e9ances du Carr\u00e9 Zen<\/span>\n\t\t\t\t\t<\/span>\n\t\t\t\t\t<\/a>\n\t\t\t\t<\/div>\n\t\t\t\t\t\t\t\t<\/div>\n\t\t\t\t<\/div>\n\t\t\t\t<div class=\"elementor-element elementor-element-d54a238 elementor-widget elementor-widget-text-editor\" data-id=\"d54a238\" data-element_type=\"widget\" data-e-type=\"widget\" data-widget_type=\"text-editor.default\">\n\t\t\t\t<div class=\"elementor-widget-container\">\n\t\t\t\t\t\t\t\t\t<p>Massage bien-\u00eatre, Th\u00e9rapie Manuelle, Drainage Lymphatique et s\u00e9ances de Yoga.<\/p>\t\t\t\t\t\t\t\t<\/div>\n\t\t\t\t<\/div>\n\t\t\t\t\t<\/div>\n\t\t<\/div>\n\t\t\t\t\t<\/div>\n\t\t<\/section>\n\t\t\t\t<div class=\"elementor-element elementor-element-2d6239e elementor-widget elementor-widget-spacer\" data-id=\"2d6239e\" data-element_type=\"widget\" data-e-type=\"widget\" data-widget_type=\"spacer.default\">\n\t\t\t\t<div class=\"elementor-widget-container\">\n\t\t\t\t\t\t\t<div class=\"elementor-spacer\">\n\t\t\t<div class=\"elementor-spacer-inner\"><\/div>\n\t\t<\/div>\n\t\t\t\t\t\t<\/div>\n\t\t\t\t<\/div>\n\t\t\t\t\t<\/div>\n\t\t<\/div>\n\t\t\t\t\t<\/div>\n\t\t<\/section>\n\t\t\t\t<section class=\"elementor-section elementor-top-section elementor-element elementor-element-7b86ff9 elementor-section-boxed elementor-section-height-default elementor-section-height-default\" data-id=\"7b86ff9\" data-element_type=\"section\" data-e-type=\"section\" data-settings=\"{&quot;background_background&quot;:&quot;classic&quot;}\">\n\t\t\t\t\t\t<div class=\"elementor-container elementor-column-gap-default\">\n\t\t\t\t\t<div class=\"elementor-column elementor-col-100 elementor-top-column elementor-element elementor-element-9a84563\" data-id=\"9a84563\" data-element_type=\"column\" data-e-type=\"column\">\n\t\t\t<div class=\"elementor-widget-wrap\">\n\t\t\t\t\t\t\t<\/div>\n\t\t<\/div>\n\t\t\t\t\t<\/div>\n\t\t<\/section>\n\t\t\t\t<\/div>\n\t\t","protected":false},"excerpt":{"rendered":"<p>Un planning vari\u00e9 Au Carr\u00e9 Victoire, venez participer \u00e0 diff\u00e9rents cours. Le planning des cours Le planning est consultable sur place Retrouvez dans le planning les cours collectifs. Les cours [&hellip;]<\/p>\n","protected":false},"author":2,"featured_media":129,"parent":0,"menu_order":0,"comment_status":"closed","ping_status":"closed","template":"elementor_theme","meta":{"footnotes":""},"class_list":["post-781","page","type-page","status-publish","has-post-thumbnail","hentry"],"yoast_head":"<!-- This site is optimized with the Yoast SEO plugin v27.4 - https:\/\/yoast.com\/product\/yoast-seo-wordpress\/ -->\n<title>Planning - Le Carr\u00e9 Victoire<\/title>\n<meta name=\"description\" content=\"Tout le planning des cours pour les s\u00e9niors de la salle Carr\u00e9 Victoire aux Sables d&#039;Olonne en vend\u00e9e : Yoga, gym du dos, marche nordique...\" \/>\n<meta name=\"robots\" content=\"index, follow, max-snippet:-1, max-image-preview:large, max-video-preview:-1\" \/>\n<link rel=\"canonical\" href=\"https:\/\/carrevictoire.fr\/index.php\/planning-salle-carre-victoire\/\" \/>\n<meta property=\"og:locale\" content=\"fr_FR\" \/>\n<meta property=\"og:type\" content=\"article\" \/>\n<meta property=\"og:title\" content=\"Planning - Le Carr\u00e9 Victoire\" \/>\n<meta property=\"og:description\" content=\"Tout le planning des cours pour les s\u00e9niors de la salle Carr\u00e9 Victoire aux Sables d&#039;Olonne en vend\u00e9e : Yoga, gym du dos, marche nordique...\" \/>\n<meta property=\"og:url\" content=\"https:\/\/carrevictoire.fr\/index.php\/planning-salle-carre-victoire\/\" \/>\n<meta property=\"og:site_name\" content=\"Le Carr\u00e9 Victoire\" \/>\n<meta property=\"article:modified_time\" content=\"2025-10-13T12:40:13+00:00\" \/>\n<meta property=\"og:image\" content=\"https:\/\/carrevictoire.fr\/wp-content\/uploads\/2023\/02\/CARVIC-Logo-F-05.png\" \/>\n\t<meta property=\"og:image:width\" content=\"615\" \/>\n\t<meta property=\"og:image:height\" content=\"615\" \/>\n\t<meta property=\"og:image:type\" content=\"image\/png\" \/>\n<meta name=\"twitter:card\" content=\"summary_large_image\" \/>\n<meta name=\"twitter:label1\" content=\"Dur\u00e9e de lecture estim\u00e9e\" \/>\n\t<meta name=\"twitter:data1\" content=\"1 minute\" \/>\n<script type=\"application\/ld+json\" class=\"yoast-schema-graph\">{\"@context\":\"https:\\\/\\\/schema.org\",\"@graph\":[{\"@type\":\"WebPage\",\"@id\":\"https:\\\/\\\/carrevictoire.fr\\\/index.php\\\/planning-salle-carre-victoire\\\/\",\"url\":\"https:\\\/\\\/carrevictoire.fr\\\/index.php\\\/planning-salle-carre-victoire\\\/\",\"name\":\"Planning - Le Carr\u00e9 Victoire\",\"isPartOf\":{\"@id\":\"https:\\\/\\\/carrevictoire.fr\\\/#website\"},\"primaryImageOfPage\":{\"@id\":\"https:\\\/\\\/carrevictoire.fr\\\/index.php\\\/planning-salle-carre-victoire\\\/#primaryimage\"},\"image\":{\"@id\":\"https:\\\/\\\/carrevictoire.fr\\\/index.php\\\/planning-salle-carre-victoire\\\/#primaryimage\"},\"thumbnailUrl\":\"https:\\\/\\\/carrevictoire.fr\\\/wp-content\\\/uploads\\\/2023\\\/02\\\/CARVIC-Logo-F-05.png\",\"datePublished\":\"2025-10-07T13:56:57+00:00\",\"dateModified\":\"2025-10-13T12:40:13+00:00\",\"description\":\"Tout le planning des cours pour les s\u00e9niors de la salle Carr\u00e9 Victoire aux Sables d'Olonne en vend\u00e9e : Yoga, gym du dos, marche nordique...\",\"breadcrumb\":{\"@id\":\"https:\\\/\\\/carrevictoire.fr\\\/index.php\\\/planning-salle-carre-victoire\\\/#breadcrumb\"},\"inLanguage\":\"fr-FR\",\"potentialAction\":[{\"@type\":\"ReadAction\",\"target\":[\"https:\\\/\\\/carrevictoire.fr\\\/index.php\\\/planning-salle-carre-victoire\\\/\"]}]},{\"@type\":\"ImageObject\",\"inLanguage\":\"fr-FR\",\"@id\":\"https:\\\/\\\/carrevictoire.fr\\\/index.php\\\/planning-salle-carre-victoire\\\/#primaryimage\",\"url\":\"https:\\\/\\\/carrevictoire.fr\\\/wp-content\\\/uploads\\\/2023\\\/02\\\/CARVIC-Logo-F-05.png\",\"contentUrl\":\"https:\\\/\\\/carrevictoire.fr\\\/wp-content\\\/uploads\\\/2023\\\/02\\\/CARVIC-Logo-F-05.png\",\"width\":615,\"height\":615},{\"@type\":\"BreadcrumbList\",\"@id\":\"https:\\\/\\\/carrevictoire.fr\\\/index.php\\\/planning-salle-carre-victoire\\\/#breadcrumb\",\"itemListElement\":[{\"@type\":\"ListItem\",\"position\":1,\"name\":\"Accueil\",\"item\":\"https:\\\/\\\/carrevictoire.fr\\\/\"},{\"@type\":\"ListItem\",\"position\":2,\"name\":\"Planning\"}]},{\"@type\":\"WebSite\",\"@id\":\"https:\\\/\\\/carrevictoire.fr\\\/#website\",\"url\":\"https:\\\/\\\/carrevictoire.fr\\\/\",\"name\":\"Le Carr\u00e9 Victoire\",\"description\":\"Bougez, pr\u00e9servez votre sant\u00e9 par le mouvement, entretenez vos capacit\u00e9s physique\",\"publisher\":{\"@id\":\"https:\\\/\\\/carrevictoire.fr\\\/#organization\"},\"potentialAction\":[{\"@type\":\"SearchAction\",\"target\":{\"@type\":\"EntryPoint\",\"urlTemplate\":\"https:\\\/\\\/carrevictoire.fr\\\/?s={search_term_string}\"},\"query-input\":{\"@type\":\"PropertyValueSpecification\",\"valueRequired\":true,\"valueName\":\"search_term_string\"}}],\"inLanguage\":\"fr-FR\"},{\"@type\":\"Organization\",\"@id\":\"https:\\\/\\\/carrevictoire.fr\\\/#organization\",\"name\":\"Le Carr\u00e9 Victoire\",\"url\":\"https:\\\/\\\/carrevictoire.fr\\\/\",\"logo\":{\"@type\":\"ImageObject\",\"inLanguage\":\"fr-FR\",\"@id\":\"https:\\\/\\\/carrevictoire.fr\\\/#\\\/schema\\\/logo\\\/image\\\/\",\"url\":\"https:\\\/\\\/carrevictoire.fr\\\/wp-content\\\/uploads\\\/2023\\\/02\\\/CARVIC-Logo-F-12.jpg\",\"contentUrl\":\"https:\\\/\\\/carrevictoire.fr\\\/wp-content\\\/uploads\\\/2023\\\/02\\\/CARVIC-Logo-F-12.jpg\",\"width\":1342,\"height\":388,\"caption\":\"Le Carr\u00e9 Victoire\"},\"image\":{\"@id\":\"https:\\\/\\\/carrevictoire.fr\\\/#\\\/schema\\\/logo\\\/image\\\/\"}}]}<\/script>\n<!-- \/ Yoast SEO plugin. -->","yoast_head_json":{"title":"Planning - Le Carr\u00e9 Victoire","description":"Tout le planning des cours pour les s\u00e9niors de la salle Carr\u00e9 Victoire aux Sables d'Olonne en vend\u00e9e : Yoga, gym du dos, marche nordique...","robots":{"index":"index","follow":"follow","max-snippet":"max-snippet:-1","max-image-preview":"max-image-preview:large","max-video-preview":"max-video-preview:-1"},"canonical":"https:\/\/carrevictoire.fr\/index.php\/planning-salle-carre-victoire\/","og_locale":"fr_FR","og_type":"article","og_title":"Planning - Le Carr\u00e9 Victoire","og_description":"Tout le planning des cours pour les s\u00e9niors de la salle Carr\u00e9 Victoire aux Sables d'Olonne en vend\u00e9e : Yoga, gym du dos, marche nordique...","og_url":"https:\/\/carrevictoire.fr\/index.php\/planning-salle-carre-victoire\/","og_site_name":"Le Carr\u00e9 Victoire","article_modified_time":"2025-10-13T12:40:13+00:00","og_image":[{"width":615,"height":615,"url":"https:\/\/carrevictoire.fr\/wp-content\/uploads\/2023\/02\/CARVIC-Logo-F-05.png","type":"image\/png"}],"twitter_card":"summary_large_image","twitter_misc":{"Dur\u00e9e de lecture estim\u00e9e":"1 minute"},"schema":{"@context":"https:\/\/schema.org","@graph":[{"@type":"WebPage","@id":"https:\/\/carrevictoire.fr\/index.php\/planning-salle-carre-victoire\/","url":"https:\/\/carrevictoire.fr\/index.php\/planning-salle-carre-victoire\/","name":"Planning - Le Carr\u00e9 Victoire","isPartOf":{"@id":"https:\/\/carrevictoire.fr\/#website"},"primaryImageOfPage":{"@id":"https:\/\/carrevictoire.fr\/index.php\/planning-salle-carre-victoire\/#primaryimage"},"image":{"@id":"https:\/\/carrevictoire.fr\/index.php\/planning-salle-carre-victoire\/#primaryimage"},"thumbnailUrl":"https:\/\/carrevictoire.fr\/wp-content\/uploads\/2023\/02\/CARVIC-Logo-F-05.png","datePublished":"2025-10-07T13:56:57+00:00","dateModified":"2025-10-13T12:40:13+00:00","description":"Tout le planning des cours pour les s\u00e9niors de la salle Carr\u00e9 Victoire aux Sables d'Olonne en vend\u00e9e : Yoga, gym du dos, marche nordique...","breadcrumb":{"@id":"https:\/\/carrevictoire.fr\/index.php\/planning-salle-carre-victoire\/#breadcrumb"},"inLanguage":"fr-FR","potentialAction":[{"@type":"ReadAction","target":["https:\/\/carrevictoire.fr\/index.php\/planning-salle-carre-victoire\/"]}]},{"@type":"ImageObject","inLanguage":"fr-FR","@id":"https:\/\/carrevictoire.fr\/index.php\/planning-salle-carre-victoire\/#primaryimage","url":"https:\/\/carrevictoire.fr\/wp-content\/uploads\/2023\/02\/CARVIC-Logo-F-05.png","contentUrl":"https:\/\/carrevictoire.fr\/wp-content\/uploads\/2023\/02\/CARVIC-Logo-F-05.png","width":615,"height":615},{"@type":"BreadcrumbList","@id":"https:\/\/carrevictoire.fr\/index.php\/planning-salle-carre-victoire\/#breadcrumb","itemListElement":[{"@type":"ListItem","position":1,"name":"Accueil","item":"https:\/\/carrevictoire.fr\/"},{"@type":"ListItem","position":2,"name":"Planning"}]},{"@type":"WebSite","@id":"https:\/\/carrevictoire.fr\/#website","url":"https:\/\/carrevictoire.fr\/","name":"Le Carr\u00e9 Victoire","description":"Bougez, pr\u00e9servez votre sant\u00e9 par le mouvement, entretenez vos capacit\u00e9s physique","publisher":{"@id":"https:\/\/carrevictoire.fr\/#organization"},"potentialAction":[{"@type":"SearchAction","target":{"@type":"EntryPoint","urlTemplate":"https:\/\/carrevictoire.fr\/?s={search_term_string}"},"query-input":{"@type":"PropertyValueSpecification","valueRequired":true,"valueName":"search_term_string"}}],"inLanguage":"fr-FR"},{"@type":"Organization","@id":"https:\/\/carrevictoire.fr\/#organization","name":"Le Carr\u00e9 Victoire","url":"https:\/\/carrevictoire.fr\/","logo":{"@type":"ImageObject","inLanguage":"fr-FR","@id":"https:\/\/carrevictoire.fr\/#\/schema\/logo\/image\/","url":"https:\/\/carrevictoire.fr\/wp-content\/uploads\/2023\/02\/CARVIC-Logo-F-12.jpg","contentUrl":"https:\/\/carrevictoire.fr\/wp-content\/uploads\/2023\/02\/CARVIC-Logo-F-12.jpg","width":1342,"height":388,"caption":"Le Carr\u00e9 Victoire"},"image":{"@id":"https:\/\/carrevictoire.fr\/#\/schema\/logo\/image\/"}}]}},"_links":{"self":[{"href":"https:\/\/carrevictoire.fr\/index.php\/wp-json\/wp\/v2\/pages\/781","targetHints":{"allow":["GET"]}}],"collection":[{"href":"https:\/\/carrevictoire.fr\/index.php\/wp-json\/wp\/v2\/pages"}],"about":[{"href":"https:\/\/carrevictoire.fr\/index.php\/wp-json\/wp\/v2\/types\/page"}],"author":[{"embeddable":true,"href":"https:\/\/carrevictoire.fr\/index.php\/wp-json\/wp\/v2\/users\/2"}],"replies":[{"embeddable":true,"href":"https:\/\/carrevictoire.fr\/index.php\/wp-json\/wp\/v2\/comments?post=781"}],"version-history":[{"count":13,"href":"https:\/\/carrevictoire.fr\/index.php\/wp-json\/wp\/v2\/pages\/781\/revisions"}],"predecessor-version":[{"id":800,"href":"https:\/\/carrevictoire.fr\/index.php\/wp-json\/wp\/v2\/pages\/781\/revisions\/800"}],"wp:featuredmedia":[{"embeddable":true,"href":"https:\/\/carrevictoire.fr\/index.php\/wp-json\/wp\/v2\/media\/129"}],"wp:attachment":[{"href":"https:\/\/carrevictoire.fr\/index.php\/wp-json\/wp\/v2\/media?parent=781"}],"curies":[{"name":"wp","href":"https:\/\/api.w.org\/{rel}","templated":true}]}}